{"id":2,"date":"2016-10-06T10:52:45","date_gmt":"2016-10-06T09:52:45","guid":{"rendered":"https:\/\/smartbox-blog.fbapphouse.com\/?page_id=2"},"modified":"2026-03-30T17:01:36","modified_gmt":"2026-03-30T16:01:36","slug":"smartbox-le-mag","status":"publish","type":"page","link":"https:\/\/www.smartbox.com\/ch\/fr\/blog\/","title":{"rendered":"Smartbox le Mag"},"content":{"rendered":"","protected":false},"excerpt":{"rendered":"","protected":false},"author":1,"featured_media":0,"parent":0,"menu_order":0,"comment_status":"open","ping_status":"closed","template":"","meta":{"_acf_changed":false,"footnotes":""},"class_list":["post-2","page","type-page","status-publish","hentry"],"acf":[],"yoast_head":"<!-- This site is optimized with the Yoast SEO Premium plugin v19.7 (Yoast SEO v27.4) - https:\/\/yoast.com\/product\/yoast-seo-premium-wordpress\/ -->\n<title>Le Mag : le blog plein de bonnes id\u00e9es ! Cadeaux, bien-\u00eatre, voyage, ...<\/title>\n<meta name=\"description\" content=\"Le blog c&#039;est un concentr\u00e9 de bonnes id\u00e9es pour trouver le cadeau parfait, le soin fait pour vous, le s\u00e9jour id\u00e9al, ... Blog voyage, blog d&#039;id\u00e9es cadeaux, blog cuisine, on est partis \u00e0 la recherche des meilleurs conseils pour vous proposer des articles sur plein de sujets ! Venez d\u00e9couvrir tout \u00e7a sur le blog\" \/>\n<meta name=\"robots\" content=\"index, follow, max-snippet:-1, max-image-preview:large, max-video-preview:-1\" \/>\n<link rel=\"canonical\" href=\"https:\/\/www.smartbox.com\/ch\/fr\/blog\/\" \/>\n<meta property=\"og:locale\" content=\"fr_FR\" \/>\n<meta property=\"og:type\" content=\"article\" \/>\n<meta property=\"og:title\" content=\"Le Mag : le blog plein de bonnes id\u00e9es ! Cadeaux, bien-\u00eatre, voyage, ...\" \/>\n<meta property=\"og:description\" content=\"Le blog c&#039;est un concentr\u00e9 de bonnes id\u00e9es pour trouver le cadeau parfait, le soin fait pour vous, le s\u00e9jour id\u00e9al, ... Blog voyage, blog d&#039;id\u00e9es cadeaux, blog cuisine, on est partis \u00e0 la recherche des meilleurs conseils pour vous proposer des articles sur plein de sujets ! Venez d\u00e9couvrir tout \u00e7a sur le blog\" \/>\n<meta property=\"og:url\" content=\"https:\/\/www.smartbox.com\/ch\/fr\/blog\/\" \/>\n<meta property=\"og:site_name\" content=\"Suisse\" \/>\n<meta property=\"article:modified_time\" content=\"2026-03-30T16:01:36+00:00\" \/>\n<meta name=\"twitter:card\" content=\"summary_large_image\" \/>\n<script type=\"application\/ld+json\" class=\"yoast-schema-graph\">{\"@context\":\"https:\\\/\\\/schema.org\",\"@graph\":[{\"@type\":\"WebPage\",\"@id\":\"https:\\\/\\\/www.smartbox.com\\\/ch\\\/fr\\\/blog\\\/\",\"url\":\"https:\\\/\\\/www.smartbox.com\\\/ch\\\/fr\\\/blog\\\/\",\"name\":\"Le Mag : le blog plein de bonnes id\u00e9es ! Cadeaux, bien-\u00eatre, voyage, ...\",\"isPartOf\":{\"@id\":\"https:\\\/\\\/www.smartbox.com\\\/ch\\\/fr\\\/blog\\\/#website\"},\"datePublished\":\"2016-10-06T09:52:45+00:00\",\"dateModified\":\"2026-03-30T16:01:36+00:00\",\"description\":\"Le blog c'est un concentr\u00e9 de bonnes id\u00e9es pour trouver le cadeau parfait, le soin fait pour vous, le s\u00e9jour id\u00e9al, ... Blog voyage, blog d'id\u00e9es cadeaux, blog cuisine, on est partis \u00e0 la recherche des meilleurs conseils pour vous proposer des articles sur plein de sujets ! Venez d\u00e9couvrir tout \u00e7a sur le blog\",\"inLanguage\":\"fr-FR\",\"potentialAction\":[{\"@type\":\"ReadAction\",\"target\":[\"https:\\\/\\\/www.smartbox.com\\\/ch\\\/fr\\\/blog\\\/\"]}]},{\"@type\":\"WebSite\",\"@id\":\"https:\\\/\\\/www.smartbox.com\\\/ch\\\/fr\\\/blog\\\/#website\",\"url\":\"https:\\\/\\\/www.smartbox.com\\\/ch\\\/fr\\\/blog\\\/\",\"name\":\"Suisse\",\"description\":\"\",\"potentialAction\":[{\"@type\":\"SearchAction\",\"target\":{\"@type\":\"EntryPoint\",\"urlTemplate\":\"https:\\\/\\\/www.smartbox.com\\\/ch\\\/fr\\\/blog\\\/?s={search_term_string}\"},\"query-input\":{\"@type\":\"PropertyValueSpecification\",\"valueRequired\":true,\"valueName\":\"search_term_string\"}}],\"inLanguage\":\"fr-FR\"}]}<\/script>\n<!-- \/ Yoast SEO Premium plugin. -->","yoast_head_json":{"title":"Le Mag : le blog plein de bonnes id\u00e9es ! Cadeaux, bien-\u00eatre, voyage, ...","description":"Le blog c'est un concentr\u00e9 de bonnes id\u00e9es pour trouver le cadeau parfait, le soin fait pour vous, le s\u00e9jour id\u00e9al, ... Blog voyage, blog d'id\u00e9es cadeaux, blog cuisine, on est partis \u00e0 la recherche des meilleurs conseils pour vous proposer des articles sur plein de sujets ! Venez d\u00e9couvrir tout \u00e7a sur le blog","robots":{"index":"index","follow":"follow","max-snippet":"max-snippet:-1","max-image-preview":"max-image-preview:large","max-video-preview":"max-video-preview:-1"},"canonical":"https:\/\/www.smartbox.com\/ch\/fr\/blog\/","og_locale":"fr_FR","og_type":"article","og_title":"Le Mag : le blog plein de bonnes id\u00e9es ! Cadeaux, bien-\u00eatre, voyage, ...","og_description":"Le blog c'est un concentr\u00e9 de bonnes id\u00e9es pour trouver le cadeau parfait, le soin fait pour vous, le s\u00e9jour id\u00e9al, ... Blog voyage, blog d'id\u00e9es cadeaux, blog cuisine, on est partis \u00e0 la recherche des meilleurs conseils pour vous proposer des articles sur plein de sujets ! Venez d\u00e9couvrir tout \u00e7a sur le blog","og_url":"https:\/\/www.smartbox.com\/ch\/fr\/blog\/","og_site_name":"Suisse","article_modified_time":"2026-03-30T16:01:36+00:00","twitter_card":"summary_large_image","schema":{"@context":"https:\/\/schema.org","@graph":[{"@type":"WebPage","@id":"https:\/\/www.smartbox.com\/ch\/fr\/blog\/","url":"https:\/\/www.smartbox.com\/ch\/fr\/blog\/","name":"Le Mag : le blog plein de bonnes id\u00e9es ! Cadeaux, bien-\u00eatre, voyage, ...","isPartOf":{"@id":"https:\/\/www.smartbox.com\/ch\/fr\/blog\/#website"},"datePublished":"2016-10-06T09:52:45+00:00","dateModified":"2026-03-30T16:01:36+00:00","description":"Le blog c'est un concentr\u00e9 de bonnes id\u00e9es pour trouver le cadeau parfait, le soin fait pour vous, le s\u00e9jour id\u00e9al, ... Blog voyage, blog d'id\u00e9es cadeaux, blog cuisine, on est partis \u00e0 la recherche des meilleurs conseils pour vous proposer des articles sur plein de sujets ! Venez d\u00e9couvrir tout \u00e7a sur le blog","inLanguage":"fr-FR","potentialAction":[{"@type":"ReadAction","target":["https:\/\/www.smartbox.com\/ch\/fr\/blog\/"]}]},{"@type":"WebSite","@id":"https:\/\/www.smartbox.com\/ch\/fr\/blog\/#website","url":"https:\/\/www.smartbox.com\/ch\/fr\/blog\/","name":"Suisse","description":"","potentialAction":[{"@type":"SearchAction","target":{"@type":"EntryPoint","urlTemplate":"https:\/\/www.smartbox.com\/ch\/fr\/blog\/?s={search_term_string}"},"query-input":{"@type":"PropertyValueSpecification","valueRequired":true,"valueName":"search_term_string"}}],"inLanguage":"fr-FR"}]}},"_links":{"self":[{"href":"https:\/\/www.smartbox.com\/ch\/fr\/blog\/wp-json\/wp\/v2\/pages\/2","targetHints":{"allow":["GET"]}}],"collection":[{"href":"https:\/\/www.smartbox.com\/ch\/fr\/blog\/wp-json\/wp\/v2\/pages"}],"about":[{"href":"https:\/\/www.smartbox.com\/ch\/fr\/blog\/wp-json\/wp\/v2\/types\/page"}],"author":[{"embeddable":true,"href":"https:\/\/www.smartbox.com\/ch\/fr\/blog\/wp-json\/wp\/v2\/users\/1"}],"replies":[{"embeddable":true,"href":"https:\/\/www.smartbox.com\/ch\/fr\/blog\/wp-json\/wp\/v2\/comments?post=2"}],"version-history":[{"count":2,"href":"https:\/\/www.smartbox.com\/ch\/fr\/blog\/wp-json\/wp\/v2\/pages\/2\/revisions"}],"predecessor-version":[{"id":37418,"href":"https:\/\/www.smartbox.com\/ch\/fr\/blog\/wp-json\/wp\/v2\/pages\/2\/revisions\/37418"}],"wp:attachment":[{"href":"https:\/\/www.smartbox.com\/ch\/fr\/blog\/wp-json\/wp\/v2\/media?parent=2"}],"curies":[{"name":"wp","href":"https:\/\/api.w.org\/{rel}","templated":true}]}}